{"id":23,"date":"2024-04-11T07:34:01","date_gmt":"2024-04-11T07:34:01","guid":{"rendered":"https:\/\/berengar.de\/?page_id=23"},"modified":"2024-04-12T07:49:24","modified_gmt":"2024-04-12T07:49:24","slug":"geschichte","status":"publish","type":"page","link":"https:\/\/berengar.de\/?page_id=23","title":{"rendered":"Geschichte"},"content":{"rendered":"\n<div class=\"wp-block-columns alignwide is-layout-flex wp-container-core-columns-is-layout-2 wp-block-columns-is-layout-flex\">\n<div class=\"wp-block-column is-layout-flow wp-block-column-is-layout-flow\" style=\"flex-basis:50%\">\n<div class=\"wp-block-cover is-light\" style=\"min-height:600px;aspect-ratio:unset;\"><span aria-hidden=\"true\" class=\"wp-block-cover__background has-background-dim-100 has-background-dim\" style=\"background-color:#f6f6f6\"><\/span><div class=\"wp-block-cover__inner-container is-layout-flow wp-block-cover-is-layout-flow\">\n<figure class=\"wp-block-image aligncenter size-medium is-resized\"><img loading=\"lazy\" decoding=\"async\" width=\"300\" height=\"300\" src=\"https:\/\/berengar.de\/wp-content\/uploads\/2024\/04\/Gruendungsmitglieder-300x300.jpg\" alt=\"\" class=\"wp-image-99\" style=\"width:496px;height:auto\" srcset=\"https:\/\/berengar.de\/wp-content\/uploads\/2024\/04\/Gruendungsmitglieder-300x300.jpg 300w, https:\/\/berengar.de\/wp-content\/uploads\/2024\/04\/Gruendungsmitglieder-150x150.jpg 150w, https:\/\/berengar.de\/wp-content\/uploads\/2024\/04\/Gruendungsmitglieder.jpg 660w\" sizes=\"(max-width: 300px) 100vw, 300px\" \/><\/figure>\n<\/div><\/div>\n<\/div>\n\n\n\n<div class=\"wp-block-column is-vertically-aligned-center is-layout-flow wp-block-column-is-layout-flow\" style=\"padding-top:1em;padding-right:1em;padding-bottom:1em;padding-left:1em\">\n<p class=\"has-text-align-center\">Der Ursprung des Fanfarenzugs liegt in den Anf\u00e4ngen der 70er Jahre, genauer gesagt am 21. November 1973. Es tauchte in einigen K\u00f6pfen die Idee auf, in Bergatreute einen Fanfarenzug zu gr\u00fcnden.<\/p>\n\n\n\n<p class=\"has-text-align-center\">So taten sich die Urv\u00e4ter unseres Vereins, Hubert und Manfred Hoh, Josef Fleischer und Karl-Josef Lay zusammen und beschlossen, das Fanfaren- und Trommelspielen zu erlernen. Diese Vier begannen im Sommer 1973 ihre \u201cLehrzeit\u201c im Landjugendfanfarenzug in Unterankenreute, um die n\u00f6tigen Voraussetzungen zu schaffen, einen Fanfarenzug zu gr\u00fcnden. Bereits seit l\u00e4ngerer Zeit spielte in diesem Zug auch Karl Hepp aus Giesenweiler.<\/p>\n\n\n\n<div class=\"wp-block-columns is-layout-flex wp-container-core-columns-is-layout-1 wp-block-columns-is-layout-flex\">\n<div class=\"wp-block-column is-layout-flow wp-block-column-is-layout-flow\" style=\"flex-basis:320px\"><\/div>\n<\/div>\n<\/div>\n<\/div>\n\n\n\n<div class=\"wp-block-columns alignwide is-layout-flex wp-container-core-columns-is-layout-3 wp-block-columns-is-layout-flex\">\n<div class=\"wp-block-column is-layout-flow wp-block-column-is-layout-flow\" style=\"flex-basis:50%\">\n<div class=\"wp-block-cover is-light\" style=\"min-height:600px;aspect-ratio:unset;\"><span aria-hidden=\"true\" class=\"wp-block-cover__background has-background-dim-100 has-background-dim\" style=\"background-color:#f6f6f6\"><\/span><div class=\"wp-block-cover__inner-container is-layout-flow wp-block-cover-is-layout-flow\">\n<figure class=\"wp-block-image aligncenter size-medium is-resized\"><img loading=\"lazy\" decoding=\"async\" width=\"230\" height=\"300\" src=\"https:\/\/berengar.de\/wp-content\/uploads\/2024\/04\/Gruendungsmitglieder_Liste-230x300.jpg\" alt=\"\" class=\"wp-image-100\" style=\"width:461px;height:auto\" srcset=\"https:\/\/berengar.de\/wp-content\/uploads\/2024\/04\/Gruendungsmitglieder_Liste-230x300.jpg 230w, https:\/\/berengar.de\/wp-content\/uploads\/2024\/04\/Gruendungsmitglieder_Liste.jpg 512w\" sizes=\"(max-width: 230px) 100vw, 230px\" \/><\/figure>\n<\/div><\/div>\n<\/div>\n\n\n\n<div class=\"wp-block-column is-vertically-aligned-center is-layout-flow wp-block-column-is-layout-flow\" style=\"padding-top:1em;padding-right:1em;padding-bottom:1em;padding-left:1em\">\n<p class=\"has-text-align-center\">In Unterankenreute erkl\u00e4rten Sie ihre Absicht, nach ihrer \u201cLehrzeit\u201c wieder nach Bergatreute zur\u00fcckzukehren und selbst einen Fanfarenzug zu gr\u00fcnden.<\/p>\n\n\n\n<p class=\"has-text-align-center\">Bis zum Sp\u00e4therbst 1973 hatte sich die Idee, in Bergatreute einen Fanfarenzug zu gr\u00fcnden, schon herumgesprochen, so dass sich ab Oktober einige junge Leute einfanden, die Gefallen an dieser Art von Musik hatten. So begann man im November 1973 mit den ersten Proben, geleitet von Hubert Hoh, mit dem Ziel, bereits in der darauffolgenden Fasnet 1974 zu spielen, was unseren Gr\u00fcndern auch gelang. Auch die Idee einer Vereinsgr\u00fcndung nahm stets konkretere Formen an, so dass schlie\u00dflich am 13. M\u00e4rz 1974 die Gr\u00fcndungsversammlung stattfand, in der unser Verein amtlich best\u00e4tigt wurde.<\/p>\n\n\n\n<p class=\"has-text-align-center\">Die folgenden Gr\u00fcndungsmitgliedern waren bei der Geburtsstunde des Fanfarenzuges dabei\u2026<\/p>\n<\/div>\n<\/div>\n\n\n\n<div class=\"wp-block-columns alignwide is-layout-flex wp-container-core-columns-is-layout-5 wp-block-columns-is-layout-flex\">\n<div class=\"wp-block-column is-layout-flow wp-block-column-is-layout-flow\" style=\"flex-basis:50%\">\n<div class=\"wp-block-cover is-light\" style=\"min-height:600px;aspect-ratio:unset;\"><span aria-hidden=\"true\" class=\"wp-block-cover__background has-background-dim-100 has-background-dim\" style=\"background-color:#f6f6f6\"><\/span><div class=\"wp-block-cover__inner-container is-layout-flow wp-block-cover-is-layout-flow\">\n<figure class=\"wp-block-image size-medium is-resized\"><img loading=\"lazy\" decoding=\"async\" width=\"300\" height=\"204\" src=\"https:\/\/berengar.de\/wp-content\/uploads\/2024\/04\/1.-Uniform-Gruppenbild-300x204.jpg\" alt=\"\" class=\"wp-image-94\" style=\"width:604px;height:auto\" srcset=\"https:\/\/berengar.de\/wp-content\/uploads\/2024\/04\/1.-Uniform-Gruppenbild-300x204.jpg 300w, https:\/\/berengar.de\/wp-content\/uploads\/2024\/04\/1.-Uniform-Gruppenbild.jpg 500w\" sizes=\"(max-width: 300px) 100vw, 300px\" \/><\/figure>\n<\/div><\/div>\n<\/div>\n\n\n\n<div class=\"wp-block-column is-vertically-aligned-center is-layout-flow wp-block-column-is-layout-flow\" style=\"padding-top:1em;padding-right:1em;padding-bottom:1em;padding-left:1em\">\n<p class=\"has-text-align-center\">\u201cJedes Kind braucht einen Namen\u201c &#8211; Nach diesem Motto wurde auch im Fanfarenzug \u00fcberlegt, wie man sich nennen k\u00f6nnte. Da nun die Fanfarenz\u00fcge historische Merkmale aufweisen, besann man sich, dass ein Herr Namens Berengar das Gebiet um den Altdorfer Wald gerodet haben soll und unser Dorf diesem Umstand seinen Namen verdankt. So war schnell klar: Der Bergatreuter Fanfarenzug konnte eigentlich nur \u201c B E R E N G A R \u201c hei\u00dfen.<\/p>\n\n\n\n<p class=\"has-text-align-center\">Die Instrumente waren zu dieser Zeit geliehen, was auf Dauer aber keine L\u00f6sung war. Man beschloss, aus Mangel an Finanziellen Mitteln, die Fanfaren und Trommeln aus eigener Tasche zu bezahlen &#8211; diese Instrumente werden noch heute, neben neuen &#8220;Hupen&#8221; und Trommeln, vorwiegend von unserem Jugendfanfarenzug verwendet. Die ersten Groschen wurden dann durch bezahlte Auftritte und Verkauf von Getr\u00e4nken bei diversen Veranstaltungen verdient.&nbsp;<\/p>\n\n\n\n<p class=\"has-text-align-center\">Als Uniform bediente man sich zu Gr\u00fcnderzeiten einer schwarzen Hose, eines schlichten goldgelben Hemdes und eines schwarzen Schlapphutes womit man sich in Bezug auf das Hemd an den Bergatreuter Ortsfarben, blau und gelb, orientierte, die auch heute noch die Farben des FZ\u00b4s sind. Genauso ortsbezogen ist unser Vereinsname &#8220;Berengar&#8221;, der an jene Person erinnert, die in Bergatreute den Grundstein&nbsp;gelegt&nbsp;hat.<\/p>\n\n\n\n<div class=\"wp-block-columns is-layout-flex wp-container-core-columns-is-layout-4 wp-block-columns-is-layout-flex\">\n<div class=\"wp-block-column is-layout-flow wp-block-column-is-layout-flow\" style=\"flex-basis:320px\"><\/div>\n<\/div>\n<\/div>\n<\/div>\n\n\n\n<div class=\"wp-block-columns alignwide is-layout-flex wp-container-core-columns-is-layout-7 wp-block-columns-is-layout-flex\">\n<div class=\"wp-block-column is-layout-flow wp-block-column-is-layout-flow\" style=\"flex-basis:50%\">\n<div class=\"wp-block-cover is-light\" style=\"min-height:600px;aspect-ratio:unset;\"><span aria-hidden=\"true\" class=\"wp-block-cover__background has-background-dim-100 has-background-dim\" style=\"background-color:#f6f6f6\"><\/span><div class=\"wp-block-cover__inner-container is-layout-flow wp-block-cover-is-layout-flow\">\n<figure class=\"wp-block-image aligncenter size-medium is-resized\"><img loading=\"lazy\" decoding=\"async\" width=\"223\" height=\"300\" src=\"https:\/\/berengar.de\/wp-content\/uploads\/2024\/04\/1.-unifom-mostest-text-223x300.jpg\" alt=\"\" class=\"wp-image-97\" style=\"width:404px;height:auto\" srcset=\"https:\/\/berengar.de\/wp-content\/uploads\/2024\/04\/1.-unifom-mostest-text-223x300.jpg 223w, https:\/\/berengar.de\/wp-content\/uploads\/2024\/04\/1.-unifom-mostest-text.jpg 456w\" sizes=\"(max-width: 223px) 100vw, 223px\" \/><\/figure>\n<\/div><\/div>\n<\/div>\n\n\n\n<div class=\"wp-block-column is-vertically-aligned-center is-layout-flow wp-block-column-is-layout-flow\" style=\"padding-top:1em;padding-right:1em;padding-bottom:1em;padding-left:1em\">\n<p class=\"has-text-align-center has-small-font-size\" style=\"line-height:1.6\">Im Jahre 1976 wurde die bisherige &#8220;Uniform&#8221; durch eine Landsknechtuniform, ebenfalls in den Farben Blau und Gelb, ersetzt, welche einer schwedischen Reiteruniform aus dem 30 j\u00e4hrigen Krieg nachempfunden ist. Das Geld hierf\u00fcr entsprang aus Spendengeldern von Vereinsinteressierten Bergatreutern und der Idee, eine Alteisensammlung in und um Bergatreute zu veranstalten, wie auch vom 1. Mostfest.<\/p>\n\n\n\n<div class=\"wp-block-columns is-layout-flex wp-container-core-columns-is-layout-6 wp-block-columns-is-layout-flex\">\n<div class=\"wp-block-column is-layout-flow wp-block-column-is-layout-flow\" style=\"flex-basis:320px\"><\/div>\n<\/div>\n<\/div>\n<\/div>\n\n\n\n<div class=\"wp-block-columns alignwide is-layout-flex wp-container-core-columns-is-layout-8 wp-block-columns-is-layout-flex\">\n<div class=\"wp-block-column is-layout-flow wp-block-column-is-layout-flow\" style=\"flex-basis:50%\">\n<div class=\"wp-block-cover is-light\" style=\"min-height:600px;aspect-ratio:unset;\"><span aria-hidden=\"true\" class=\"wp-block-cover__background has-background-dim-100 has-background-dim\" style=\"background-color:#f6f6f6\"><\/span><div class=\"wp-block-cover__inner-container is-layout-flow wp-block-cover-is-layout-flow\">\n<figure class=\"wp-block-image aligncenter size-medium is-resized\"><img loading=\"lazy\" decoding=\"async\" width=\"300\" height=\"213\" src=\"https:\/\/berengar.de\/wp-content\/uploads\/2024\/04\/JFZ-300x213.jpg\" alt=\"\" class=\"wp-image-98\" style=\"width:596px;height:auto\" srcset=\"https:\/\/berengar.de\/wp-content\/uploads\/2024\/04\/JFZ-300x213.jpg 300w, https:\/\/berengar.de\/wp-content\/uploads\/2024\/04\/JFZ-1024x727.jpg 1024w, https:\/\/berengar.de\/wp-content\/uploads\/2024\/04\/JFZ-768x545.jpg 768w, https:\/\/berengar.de\/wp-content\/uploads\/2024\/04\/JFZ-1536x1090.jpg 1536w, https:\/\/berengar.de\/wp-content\/uploads\/2024\/04\/JFZ.jpg 1668w\" sizes=\"(max-width: 300px) 100vw, 300px\" \/><\/figure>\n<\/div><\/div>\n<\/div>\n\n\n\n<div class=\"wp-block-column is-vertically-aligned-center is-layout-flow wp-block-column-is-layout-flow\" style=\"padding-top:1em;padding-right:1em;padding-bottom:1em;padding-left:1em\">\n<p class=\"has-text-align-center\">Im Fr\u00fchjahr 1976 wurde lange und ausgiebig \u00fcber Satzungen und Statuten beraten, so dass der Fanfarenzug am 13. April desselben Jahres durch den Vorstands Manfred Hoh in das Vereinsregister beim Amtsgericht Ravensburg eingetragen wurde und seither FANFARENZUG BERENGAR BERGATREUTE e.V. hei\u00dft.<\/p>\n\n\n\n<p class=\"has-text-align-center\">In den selben Jahren wurde ein JUGENDFANFAERENZUG ins Leben gerufen, dessen Leitung Konrad&nbsp;Nonnenmacher<\/p>\n<\/div>\n<\/div>\n","protected":false},"excerpt":{"rendered":"<p>Der Ursprung des Fanfarenzugs liegt in den Anf\u00e4ngen der 70er Jahre, genauer gesagt am 21. November 1973. Es tauchte in einigen K\u00f6pfen die Idee auf, in Bergatreute einen Fanfarenzug zu [&hellip;]<\/p>\n","protected":false},"author":1,"featured_media":0,"parent":0,"menu_order":0,"comment_status":"closed","ping_status":"closed","template":"","meta":{"_price":"","_stock":"","_tribe_ticket_header":"","_tribe_default_ticket_provider":"","_tribe_ticket_capacity":"0","_ticket_start_date":"","_ticket_end_date":"","_tribe_ticket_show_description":"","_tribe_ticket_show_not_going":false,"_tribe_ticket_use_global_stock":"","_tribe_ticket_global_stock_level":"","_global_stock_mode":"","_global_stock_cap":"","_tribe_rsvp_for_event":"","_tribe_ticket_going_count":"","_tribe_ticket_not_going_count":"","_tribe_tickets_list":"[]","_tribe_ticket_has_attendee_info_fields":false,"_EventAllDay":false,"_EventTimezone":"","_EventStartDate":"","_EventEndDate":"","_EventStartDateUTC":"","_EventEndDateUTC":"","_EventShowMap":false,"_EventShowMapLink":false,"_EventURL":"","_EventCost":"","_EventCostDescription":"","_EventCurrencySymbol":"","_EventCurrencyCode":"","_EventCurrencyPosition":"","_EventDateTimeSeparator":"","_EventTimeRangeSeparator":"","_EventOrganizerID":[],"_EventVenueID":[],"_OrganizerEmail":"","_OrganizerPhone":"","_OrganizerWebsite":"","_VenueAddress":"","_VenueCity":"","_VenueCountry":"","_VenueProvince":"","_VenueState":"","_VenueZip":"","_VenuePhone":"","_VenueURL":"","_VenueStateProvince":"","_VenueLat":"","_VenueLng":"","_VenueShowMap":false,"_VenueShowMapLink":false,"footnotes":"","_tec_slr_enabled":"","_tec_slr_layout":""},"ticketed":false,"_links":{"self":[{"href":"https:\/\/berengar.de\/index.php?rest_route=\/wp\/v2\/pages\/23"}],"collection":[{"href":"https:\/\/berengar.de\/index.php?rest_route=\/wp\/v2\/pages"}],"about":[{"href":"https:\/\/berengar.de\/index.php?rest_route=\/wp\/v2\/types\/page"}],"author":[{"embeddable":true,"href":"https:\/\/berengar.de\/index.php?rest_route=\/wp\/v2\/users\/1"}],"replies":[{"embeddable":true,"href":"https:\/\/berengar.de\/index.php?rest_route=%2Fwp%2Fv2%2Fcomments&post=23"}],"version-history":[{"count":4,"href":"https:\/\/berengar.de\/index.php?rest_route=\/wp\/v2\/pages\/23\/revisions"}],"predecessor-version":[{"id":197,"href":"https:\/\/berengar.de\/index.php?rest_route=\/wp\/v2\/pages\/23\/revisions\/197"}],"wp:attachment":[{"href":"https:\/\/berengar.de\/index.php?rest_route=%2Fwp%2Fv2%2Fmedia&parent=23"}],"curies":[{"name":"wp","href":"https:\/\/api.w.org\/{rel}","templated":true}]}}